{"id":23,"date":"2022-05-31T10:33:44","date_gmt":"2022-05-31T08:33:44","guid":{"rendered":"http:\/\/www.amunt41.com\/?page_id=23"},"modified":"2022-08-24T11:16:24","modified_gmt":"2022-08-24T09:16:24","slug":"serveis","status":"publish","type":"page","link":"https:\/\/www.amunt41.com\/es\/serveis\/","title":{"rendered":"servicios"},"content":{"rendered":"<div data-elementor-type=\"wp-page\" data-elementor-id=\"23\" class=\"elementor elementor-23\" data-elementor-post-type=\"page\">\n\t\t\t\t\t\t<section class=\"elementor-section elementor-top-section elementor-element elementor-element-4519c76 elementor-section-boxed elementor-section-height-default elementor-section-height-default\" data-id=\"4519c76\" data-element_type=\"section\" data-settings=\"{&quot;background_background&quot;:&quot;classic&quot;,&quot;jet_parallax_layout_list&quot;:[]}\">\n\t\t\t\t\t\t<div class=\"elementor-container elementor-column-gap-default\">\n\t\t\t\t\t<div class=\"elementor-column elementor-col-100 elementor-top-column elementor-element elementor-element-945ab3f\" data-id=\"945ab3f\" data-element_type=\"column\">\n\t\t\t<div class=\"elementor-widget-wrap elementor-element-populated\">\n\t\t\t\t\t\t<div class=\"elementor-element elementor-element-202ffed elementor-widget elementor-widget-spacer\" data-id=\"202ffed\" data-element_type=\"widget\" data-widget_type=\"spacer.default\">\n\t\t\t\t<div class=\"elementor-widget-container\">\n\t\t\t\t\t\t\t<div class=\"elementor-spacer\">\n\t\t\t<div class=\"elementor-spacer-inner\"><\/div>\n\t\t<\/div>\n\t\t\t\t\t\t<\/div>\n\t\t\t\t<\/div>\n\t\t\t\t\t<\/div>\n\t\t<\/div>\n\t\t\t\t\t<\/div>\n\t\t<\/section>\n\t\t\t\t<section class=\"elementor-section elementor-top-section elementor-element elementor-element-d067f6e elementor-section-full_width elementor-section-height-default elementor-section-height-default elementor-invisible\" data-id=\"d067f6e\" data-element_type=\"section\" data-settings=\"{&quot;animation&quot;:&quot;fadeIn&quot;,&quot;jet_parallax_layout_list&quot;:[]}\">\n\t\t\t\t\t\t<div class=\"elementor-container elementor-column-gap-default\">\n\t\t\t\t\t<div class=\"elementor-column elementor-col-33 elementor-top-column elementor-element elementor-element-4dbd5a3\" data-id=\"4dbd5a3\" data-element_type=\"column\">\n\t\t\t<div class=\"elementor-widget-wrap elementor-element-populated\">\n\t\t\t\t\t\t<div class=\"elementor-element elementor-element-949daa4 elementor-invisible elementor-widget elementor-widget-image\" data-id=\"949daa4\" data-element_type=\"widget\" data-settings=\"{&quot;_animation&quot;:&quot;slideInUp&quot;}\" data-widget_type=\"image.default\">\n\t\t\t\t<div class=\"elementor-widget-container\">\n\t\t\t\t\t\t\t\t\t\t\t\t\t\t\t<img decoding=\"async\" width=\"1\" height=\"1\" src=\"https:\/\/www.amunt41.com\/wp-content\/uploads\/2022\/05\/vectors-06.svg\" class=\"attachment-large size-large wp-image-66\" alt=\"ARQUITECTURA T\u00c8CNICA\" \/>\t\t\t\t\t\t\t\t\t\t\t\t\t\t\t<\/div>\n\t\t\t\t<\/div>\n\t\t\t\t\t<\/div>\n\t\t<\/div>\n\t\t\t\t<div class=\"elementor-column elementor-col-33 elementor-top-column elementor-element elementor-element-6a93ddb\" data-id=\"6a93ddb\" data-element_type=\"column\">\n\t\t\t<div class=\"elementor-widget-wrap elementor-element-populated\">\n\t\t\t\t\t\t<div class=\"elementor-element elementor-element-8abc190 elementor-widget elementor-widget-heading\" data-id=\"8abc190\" data-element_type=\"widget\" data-widget_type=\"heading.default\">\n\t\t\t\t<div class=\"elementor-widget-container\">\n\t\t\t\t\t<h2 class=\"elementor-heading-title elementor-size-default\">NUESTROS <br>SERVICIOS<\/h2>\t\t\t\t<\/div>\n\t\t\t\t<\/div>\n\t\t\t\t\t<\/div>\n\t\t<\/div>\n\t\t\t\t<div class=\"elementor-column elementor-col-33 elementor-top-column elementor-element elementor-element-c83292b\" data-id=\"c83292b\" data-element_type=\"column\">\n\t\t\t<div class=\"elementor-widget-wrap elementor-element-populated\">\n\t\t\t\t\t\t<div class=\"elementor-element elementor-element-02494c3 elementor-widget elementor-widget-text-editor\" data-id=\"02494c3\" data-element_type=\"widget\" data-widget_type=\"text-editor.default\">\n\t\t\t\t<div class=\"elementor-widget-container\">\n\t\t\t\t\t\t\t\t\t<p>ARQUITECTURA T\u00c9CNICA \u00b7 DIRECCI\u00d3N DE EJECUCI\u00d3N DE OBRAS \u00b7 COORDINACI\u00d3N DE SEGURIDAD Y SALUD \u00b7 OFICINA T\u00c9CNICA<\/p>\t\t\t\t\t\t\t\t<\/div>\n\t\t\t\t<\/div>\n\t\t\t\t\t<\/div>\n\t\t<\/div>\n\t\t\t\t\t<\/div>\n\t\t<\/section>\n\t\t\t\t<section class=\"elementor-section elementor-top-section elementor-element elementor-element-0cbeaf4 elementor-section-full_width elementor-section-height-default elementor-section-height-default elementor-invisible\" data-id=\"0cbeaf4\" data-element_type=\"section\" data-settings=\"{&quot;animation&quot;:&quot;fadeIn&quot;,&quot;jet_parallax_layout_list&quot;:[]}\">\n\t\t\t\t\t\t<div class=\"elementor-container elementor-column-gap-default\">\n\t\t\t\t\t<div class=\"elementor-column elementor-col-50 elementor-top-column elementor-element elementor-element-979dbd2\" data-id=\"979dbd2\" data-element_type=\"column\">\n\t\t\t<div class=\"elementor-widget-wrap elementor-element-populated\">\n\t\t\t\t\t\t<div class=\"elementor-element elementor-element-0256223 elementor-widget elementor-widget-image\" data-id=\"0256223\" data-element_type=\"widget\" data-widget_type=\"image.default\">\n\t\t\t\t<div class=\"elementor-widget-container\">\n\t\t\t\t\t\t\t\t\t\t\t\t\t\t\t<img fetchpriority=\"high\" decoding=\"async\" width=\"600\" height=\"506\" src=\"https:\/\/www.amunt41.com\/wp-content\/uploads\/2022\/05\/building.png\" class=\"attachment-large size-large wp-image-83\" alt=\"t\u00e8cnica\" srcset=\"https:\/\/www.amunt41.com\/wp-content\/uploads\/2022\/05\/building.png 600w, https:\/\/www.amunt41.com\/wp-content\/uploads\/2022\/05\/building-300x253.png 300w\" sizes=\"(max-width: 600px) 100vw, 600px\" \/>\t\t\t\t\t\t\t\t\t\t\t\t\t\t\t<\/div>\n\t\t\t\t<\/div>\n\t\t\t\t\t<\/div>\n\t\t<\/div>\n\t\t\t\t<div class=\"elementor-column elementor-col-50 elementor-top-column elementor-element elementor-element-e2575a8\" data-id=\"e2575a8\" data-element_type=\"column\">\n\t\t\t<div class=\"elementor-widget-wrap elementor-element-populated\">\n\t\t\t\t\t\t<div class=\"elementor-element elementor-element-e70da8f elementor-widget elementor-widget-heading\" data-id=\"e70da8f\" data-element_type=\"widget\" data-widget_type=\"heading.default\">\n\t\t\t\t<div class=\"elementor-widget-container\">\n\t\t\t\t\t<h3 class=\"elementor-heading-title elementor-size-default\">M\u00e1s de 10 a\u00f1os de experiencia en el sector<\/h3>\t\t\t\t<\/div>\n\t\t\t\t<\/div>\n\t\t\t\t<div class=\"elementor-element elementor-element-10ef52b elementor-widget elementor-widget-text-editor\" data-id=\"10ef52b\" data-element_type=\"widget\" data-widget_type=\"text-editor.default\">\n\t\t\t\t<div class=\"elementor-widget-container\">\n\t\t\t\t\t\t\t\t\t<p>Ofrecemos un servicio integral y personalizado, adaptando a cada cliente la metodolog\u00eda de trabajo y ofreciendo flexibilidad a sus necesidades, para la consecuci\u00f3n de objetivos comunes.<\/p><p>Nuestros servicios se dividen <b>en tres \u00e1mbitos de actuaci\u00f3n:<\/b><span class=\"Apple-converted-space\">\u00a0<\/span><\/p>\t\t\t\t\t\t\t\t<\/div>\n\t\t\t\t<\/div>\n\t\t\t\t<div class=\"elementor-element elementor-element-d3fde9d elementor-position-left elementor-mobile-position-left elementor-view-default elementor-widget elementor-widget-icon-box\" data-id=\"d3fde9d\" data-element_type=\"widget\" data-widget_type=\"icon-box.default\">\n\t\t\t\t<div class=\"elementor-widget-container\">\n\t\t\t\t\t\t\t<div class=\"elementor-icon-box-wrapper\">\n\n\t\t\t\t\t\t<div class=\"elementor-icon-box-icon\">\n\t\t\t\t<span  class=\"elementor-icon\">\n\t\t\t\t<svg xmlns=\"http:\/\/www.w3.org\/2000\/svg\" id=\"b730fa59-7908-4070-8222-2ee78609b020\" data-name=\"Disseny\" width=\"23.28\" height=\"37.24\" viewbox=\"0 0 23.28 37.24\"><rect x=\"6.11\" y=\"5.4\" width=\"11.85\" height=\"28.82\"><\/rect><\/svg>\t\t\t\t<\/span>\n\t\t\t<\/div>\n\t\t\t\n\t\t\t\t\t\t<div class=\"elementor-icon-box-content\">\n\n\t\t\t\t\t\t\t\t\t<h3 class=\"elementor-icon-box-title\">\n\t\t\t\t\t\t<span  >\n\t\t\t\t\t\t\tOFICINA T\u00c9CNICA\t\t\t\t\t\t<\/span>\n\t\t\t\t\t<\/h3>\n\t\t\t\t\n\t\t\t\t\t\t\t\t\t<p class=\"elementor-icon-box-description\">\n\t\t\t\t\t\tApoyo en fase de proyecto<br>\nPredimensionado de costes \/ Mediciones y presupuestos\t\t\t\t\t<\/p>\n\t\t\t\t\n\t\t\t<\/div>\n\t\t\t\n\t\t<\/div>\n\t\t\t\t\t\t<\/div>\n\t\t\t\t<\/div>\n\t\t\t\t<div class=\"elementor-element elementor-element-0335a33 elementor-position-left elementor-mobile-position-left elementor-view-default elementor-widget elementor-widget-icon-box\" data-id=\"0335a33\" data-element_type=\"widget\" data-widget_type=\"icon-box.default\">\n\t\t\t\t<div class=\"elementor-widget-container\">\n\t\t\t\t\t\t\t<div class=\"elementor-icon-box-wrapper\">\n\n\t\t\t\t\t\t<div class=\"elementor-icon-box-icon\">\n\t\t\t\t<span  class=\"elementor-icon\">\n\t\t\t\t<svg xmlns=\"http:\/\/www.w3.org\/2000\/svg\" id=\"b730fa59-7908-4070-8222-2ee78609b020\" data-name=\"Disseny\" width=\"23.28\" height=\"37.24\" viewbox=\"0 0 23.28 37.24\"><rect x=\"6.11\" y=\"5.4\" width=\"11.85\" height=\"28.82\"><\/rect><\/svg>\t\t\t\t<\/span>\n\t\t\t<\/div>\n\t\t\t\n\t\t\t\t\t\t<div class=\"elementor-icon-box-content\">\n\n\t\t\t\t\t\t\t\t\t<h3 class=\"elementor-icon-box-title\">\n\t\t\t\t\t\t<span  >\n\t\t\t\t\t\t\tDIRECCI\u00d3N DE EJECUCI\u00d3N DE OBRA\t\t\t\t\t\t<\/span>\n\t\t\t\t\t<\/h3>\n\t\t\t\t\n\t\t\t\t\t\t\t\t\t<p class=\"elementor-icon-box-description\">\n\t\t\t\t\t\tAsumir la funci\u00f3n t\u00e9cnica de dirigir la ejecuci\u00f3n\u00a0material de la obra\u00a0y de controlar cualitativa y cuantitativamente la construcci\u00f3n y la calidad de la obra.\t\t\t\t\t<\/p>\n\t\t\t\t\n\t\t\t<\/div>\n\t\t\t\n\t\t<\/div>\n\t\t\t\t\t\t<\/div>\n\t\t\t\t<\/div>\n\t\t\t\t<div class=\"elementor-element elementor-element-e3865aa elementor-position-left elementor-mobile-position-left elementor-view-default elementor-widget elementor-widget-icon-box\" data-id=\"e3865aa\" data-element_type=\"widget\" data-widget_type=\"icon-box.default\">\n\t\t\t\t<div class=\"elementor-widget-container\">\n\t\t\t\t\t\t\t<div class=\"elementor-icon-box-wrapper\">\n\n\t\t\t\t\t\t<div class=\"elementor-icon-box-icon\">\n\t\t\t\t<span  class=\"elementor-icon\">\n\t\t\t\t<svg xmlns=\"http:\/\/www.w3.org\/2000\/svg\" id=\"b730fa59-7908-4070-8222-2ee78609b020\" data-name=\"Disseny\" width=\"23.28\" height=\"37.24\" viewbox=\"0 0 23.28 37.24\"><rect x=\"6.11\" y=\"5.4\" width=\"11.85\" height=\"28.82\"><\/rect><\/svg>\t\t\t\t<\/span>\n\t\t\t<\/div>\n\t\t\t\n\t\t\t\t\t\t<div class=\"elementor-icon-box-content\">\n\n\t\t\t\t\t\t\t\t\t<h3 class=\"elementor-icon-box-title\">\n\t\t\t\t\t\t<span  >\n\t\t\t\t\t\t\tPROJECT MANAGEMENT\/QUANTITY SURVEYING\t\t\t\t\t\t<\/span>\n\t\t\t\t\t<\/h3>\n\t\t\t\t\n\t\t\t\t\t\t\t\t\t<p class=\"elementor-icon-box-description\">\n\t\t\t\t\t\tGesti\u00f3n integral de proyectos<br>\nGesti\u00f3n y control econ\u00f3mico de los proyectos\t\t\t\t\t<\/p>\n\t\t\t\t\n\t\t\t<\/div>\n\t\t\t\n\t\t<\/div>\n\t\t\t\t\t\t<\/div>\n\t\t\t\t<\/div>\n\t\t\t\t<div class=\"elementor-element elementor-element-7c76551 elementor-mobile-align-center elementor-widget elementor-widget-button\" data-id=\"7c76551\" data-element_type=\"widget\" data-widget_type=\"button.default\">\n\t\t\t\t<div class=\"elementor-widget-container\">\n\t\t\t\t\t\t\t\t\t<div class=\"elementor-button-wrapper\">\n\t\t\t\t\t<a class=\"elementor-button elementor-button-link elementor-size-sm elementor-animation-grow\" href=\"mailto:info@amunt41.com\">\n\t\t\t\t\t\t<span class=\"elementor-button-content-wrapper\">\n\t\t\t\t\t\t\t\t\t<span class=\"elementor-button-text\">CONT\u00c1CTANOS<\/span>\n\t\t\t\t\t<\/span>\n\t\t\t\t\t<\/a>\n\t\t\t\t<\/div>\n\t\t\t\t\t\t\t\t<\/div>\n\t\t\t\t<\/div>\n\t\t\t\t\t<\/div>\n\t\t<\/div>\n\t\t\t\t\t<\/div>\n\t\t<\/section>\n\t\t\t\t<\/div>","protected":false},"excerpt":{"rendered":"<p>ELS NOSTRES SERVEIS ARQUITECTURA T\u00c8CNICA \u00b7 DIRECCI\u00d3 D\u2019EXECUCI\u00d3 D\u2019OBRES \u00b7 COORDINACI\u00d3 DE SEGURETAT I SALUT \u00b7 OFICINA T\u00c8CNICA M\u00e9s de 10 anys d&#8217;experi\u00e8ncia en el sector Oferim un servei integral i personalitzat, adaptant a cada client la metodologia de treball i oferint flexibilitat a les seves necessitats, per a la consecuci\u00f3 dels objectius comuns. Els [&hellip;]<\/p>","protected":false},"author":1,"featured_media":0,"parent":0,"menu_order":0,"comment_status":"closed","ping_status":"closed","template":"","meta":{"footnotes":""},"class_list":["post-23","page","type-page","status-publish","hentry"],"yoast_head":"<!-- This site is optimized with the Yoast SEO plugin v26.0 - https:\/\/yoast.com\/wordpress\/plugins\/seo\/ -->\n<title>Serveis - Amunt 41, arquitectura t\u00e8cnica<\/title>\n<meta name=\"description\" content=\"Serveis: ARQUITECTURA T\u00c8CNICA \u00b7 DIRECCI\u00d3 D\u2019EXECUCI\u00d3 D\u2019OBRES \u00b7 COORDINACI\u00d3 DE SEGURETAT I SALUT \u00b7 OFICINA T\u00c8CNICA\" \/>\n<meta name=\"robots\" content=\"index, follow, max-snippet:-1, max-image-preview:large, max-video-preview:-1\" \/>\n<link rel=\"canonical\" href=\"https:\/\/www.amunt41.com\/es\/serveis\/\" \/>\n<meta property=\"og:locale\" content=\"es_ES\" \/>\n<meta property=\"og:type\" content=\"article\" \/>\n<meta property=\"og:title\" content=\"Serveis - Amunt 41, arquitectura t\u00e8cnica\" \/>\n<meta property=\"og:description\" content=\"Serveis: ARQUITECTURA T\u00c8CNICA \u00b7 DIRECCI\u00d3 D\u2019EXECUCI\u00d3 D\u2019OBRES \u00b7 COORDINACI\u00d3 DE SEGURETAT I SALUT \u00b7 OFICINA T\u00c8CNICA\" \/>\n<meta property=\"og:url\" content=\"https:\/\/www.amunt41.com\/es\/serveis\/\" \/>\n<meta property=\"og:site_name\" content=\"Amunt 41\" \/>\n<meta property=\"article:modified_time\" content=\"2022-08-24T09:16:24+00:00\" \/>\n<meta property=\"og:image\" content=\"http:\/\/www.amunt41.com\/wp-content\/uploads\/2022\/05\/vectors-06.svg\" \/>\n<meta name=\"twitter:card\" content=\"summary_large_image\" \/>\n<meta name=\"twitter:label1\" content=\"Tiempo de lectura\" \/>\n\t<meta name=\"twitter:data1\" content=\"2 minutos\" \/>\n<script type=\"application\/ld+json\" class=\"yoast-schema-graph\">{\"@context\":\"https:\/\/schema.org\",\"@graph\":[{\"@type\":\"WebPage\",\"@id\":\"https:\/\/www.amunt41.com\/es\/serveis\/\",\"url\":\"https:\/\/www.amunt41.com\/es\/serveis\/\",\"name\":\"Serveis - Amunt 41, arquitectura t\u00e8cnica\",\"isPartOf\":{\"@id\":\"https:\/\/www.amunt41.com\/es\/#website\"},\"primaryImageOfPage\":{\"@id\":\"https:\/\/www.amunt41.com\/es\/serveis\/#primaryimage\"},\"image\":{\"@id\":\"https:\/\/www.amunt41.com\/es\/serveis\/#primaryimage\"},\"thumbnailUrl\":\"http:\/\/www.amunt41.com\/wp-content\/uploads\/2022\/05\/vectors-06.svg\",\"datePublished\":\"2022-05-31T08:33:44+00:00\",\"dateModified\":\"2022-08-24T09:16:24+00:00\",\"description\":\"Serveis: ARQUITECTURA T\u00c8CNICA \u00b7 DIRECCI\u00d3 D\u2019EXECUCI\u00d3 D\u2019OBRES \u00b7 COORDINACI\u00d3 DE SEGURETAT I SALUT \u00b7 OFICINA T\u00c8CNICA\",\"breadcrumb\":{\"@id\":\"https:\/\/www.amunt41.com\/es\/serveis\/#breadcrumb\"},\"inLanguage\":\"es\",\"potentialAction\":[{\"@type\":\"ReadAction\",\"target\":[\"https:\/\/www.amunt41.com\/es\/serveis\/\"]}]},{\"@type\":\"ImageObject\",\"inLanguage\":\"es\",\"@id\":\"https:\/\/www.amunt41.com\/es\/serveis\/#primaryimage\",\"url\":\"http:\/\/www.amunt41.com\/wp-content\/uploads\/2022\/05\/vectors-06.svg\",\"contentUrl\":\"http:\/\/www.amunt41.com\/wp-content\/uploads\/2022\/05\/vectors-06.svg\"},{\"@type\":\"BreadcrumbList\",\"@id\":\"https:\/\/www.amunt41.com\/es\/serveis\/#breadcrumb\",\"itemListElement\":[{\"@type\":\"ListItem\",\"position\":1,\"name\":\"Inici\",\"item\":\"https:\/\/www.amunt41.com\/es\/\"},{\"@type\":\"ListItem\",\"position\":2,\"name\":\"Serveis\"}]},{\"@type\":\"WebSite\",\"@id\":\"https:\/\/www.amunt41.com\/es\/#website\",\"url\":\"https:\/\/www.amunt41.com\/es\/\",\"name\":\"Amunt 41\",\"description\":\"Serveis integrals en arquitectura t\u00e8cnica\",\"publisher\":{\"@id\":\"https:\/\/www.amunt41.com\/es\/#organization\"},\"potentialAction\":[{\"@type\":\"SearchAction\",\"target\":{\"@type\":\"EntryPoint\",\"urlTemplate\":\"https:\/\/www.amunt41.com\/es\/?s={search_term_string}\"},\"query-input\":{\"@type\":\"PropertyValueSpecification\",\"valueRequired\":true,\"valueName\":\"search_term_string\"}}],\"inLanguage\":\"es\"},{\"@type\":\"Organization\",\"@id\":\"https:\/\/www.amunt41.com\/es\/#organization\",\"name\":\"Amunt 41 \u00b7 Serveis integrals en arquitectura t\u00e8cnica\",\"url\":\"https:\/\/www.amunt41.com\/es\/\",\"logo\":{\"@type\":\"ImageObject\",\"inLanguage\":\"es\",\"@id\":\"https:\/\/www.amunt41.com\/es\/#\/schema\/logo\/image\/\",\"url\":\"https:\/\/www.amunt41.com\/wp-content\/uploads\/2022\/05\/logo-02.svg\",\"contentUrl\":\"https:\/\/www.amunt41.com\/wp-content\/uploads\/2022\/05\/logo-02.svg\",\"caption\":\"Amunt 41 \u00b7 Serveis integrals en arquitectura t\u00e8cnica\"},\"image\":{\"@id\":\"https:\/\/www.amunt41.com\/es\/#\/schema\/logo\/image\/\"},\"sameAs\":[\"https:\/\/es.linkedin.com\/company\/amunt41-tcnics-s-l-p\"]}]}<\/script>\n<!-- \/ Yoast SEO plugin. -->","yoast_head_json":{"title":"Serveis - Amunt 41, arquitectura t\u00e8cnica","description":"Serveis: ARQUITECTURA T\u00c8CNICA \u00b7 DIRECCI\u00d3 D\u2019EXECUCI\u00d3 D\u2019OBRES \u00b7 COORDINACI\u00d3 DE SEGURETAT I SALUT \u00b7 OFICINA T\u00c8CNICA","robots":{"index":"index","follow":"follow","max-snippet":"max-snippet:-1","max-image-preview":"max-image-preview:large","max-video-preview":"max-video-preview:-1"},"canonical":"https:\/\/www.amunt41.com\/es\/serveis\/","og_locale":"es_ES","og_type":"article","og_title":"Serveis - Amunt 41, arquitectura t\u00e8cnica","og_description":"Serveis: ARQUITECTURA T\u00c8CNICA \u00b7 DIRECCI\u00d3 D\u2019EXECUCI\u00d3 D\u2019OBRES \u00b7 COORDINACI\u00d3 DE SEGURETAT I SALUT \u00b7 OFICINA T\u00c8CNICA","og_url":"https:\/\/www.amunt41.com\/es\/serveis\/","og_site_name":"Amunt 41","article_modified_time":"2022-08-24T09:16:24+00:00","og_image":[{"url":"http:\/\/www.amunt41.com\/wp-content\/uploads\/2022\/05\/vectors-06.svg","type":"","width":"","height":""}],"twitter_card":"summary_large_image","twitter_misc":{"Tiempo de lectura":"2 minutos"},"schema":{"@context":"https:\/\/schema.org","@graph":[{"@type":"WebPage","@id":"https:\/\/www.amunt41.com\/es\/serveis\/","url":"https:\/\/www.amunt41.com\/es\/serveis\/","name":"Serveis - Amunt 41, arquitectura t\u00e8cnica","isPartOf":{"@id":"https:\/\/www.amunt41.com\/es\/#website"},"primaryImageOfPage":{"@id":"https:\/\/www.amunt41.com\/es\/serveis\/#primaryimage"},"image":{"@id":"https:\/\/www.amunt41.com\/es\/serveis\/#primaryimage"},"thumbnailUrl":"http:\/\/www.amunt41.com\/wp-content\/uploads\/2022\/05\/vectors-06.svg","datePublished":"2022-05-31T08:33:44+00:00","dateModified":"2022-08-24T09:16:24+00:00","description":"Serveis: ARQUITECTURA T\u00c8CNICA \u00b7 DIRECCI\u00d3 D\u2019EXECUCI\u00d3 D\u2019OBRES \u00b7 COORDINACI\u00d3 DE SEGURETAT I SALUT \u00b7 OFICINA T\u00c8CNICA","breadcrumb":{"@id":"https:\/\/www.amunt41.com\/es\/serveis\/#breadcrumb"},"inLanguage":"es","potentialAction":[{"@type":"ReadAction","target":["https:\/\/www.amunt41.com\/es\/serveis\/"]}]},{"@type":"ImageObject","inLanguage":"es","@id":"https:\/\/www.amunt41.com\/es\/serveis\/#primaryimage","url":"http:\/\/www.amunt41.com\/wp-content\/uploads\/2022\/05\/vectors-06.svg","contentUrl":"http:\/\/www.amunt41.com\/wp-content\/uploads\/2022\/05\/vectors-06.svg"},{"@type":"BreadcrumbList","@id":"https:\/\/www.amunt41.com\/es\/serveis\/#breadcrumb","itemListElement":[{"@type":"ListItem","position":1,"name":"Inici","item":"https:\/\/www.amunt41.com\/es\/"},{"@type":"ListItem","position":2,"name":"Serveis"}]},{"@type":"WebSite","@id":"https:\/\/www.amunt41.com\/es\/#website","url":"https:\/\/www.amunt41.com\/es\/","name":"Amunt 41","description":"Serveis integrals en arquitectura t\u00e8cnica","publisher":{"@id":"https:\/\/www.amunt41.com\/es\/#organization"},"potentialAction":[{"@type":"SearchAction","target":{"@type":"EntryPoint","urlTemplate":"https:\/\/www.amunt41.com\/es\/?s={search_term_string}"},"query-input":{"@type":"PropertyValueSpecification","valueRequired":true,"valueName":"search_term_string"}}],"inLanguage":"es"},{"@type":"Organization","@id":"https:\/\/www.amunt41.com\/es\/#organization","name":"Amunt 41 \u00b7 Serveis integrals en arquitectura t\u00e8cnica","url":"https:\/\/www.amunt41.com\/es\/","logo":{"@type":"ImageObject","inLanguage":"es","@id":"https:\/\/www.amunt41.com\/es\/#\/schema\/logo\/image\/","url":"https:\/\/www.amunt41.com\/wp-content\/uploads\/2022\/05\/logo-02.svg","contentUrl":"https:\/\/www.amunt41.com\/wp-content\/uploads\/2022\/05\/logo-02.svg","caption":"Amunt 41 \u00b7 Serveis integrals en arquitectura t\u00e8cnica"},"image":{"@id":"https:\/\/www.amunt41.com\/es\/#\/schema\/logo\/image\/"},"sameAs":["https:\/\/es.linkedin.com\/company\/amunt41-tcnics-s-l-p"]}]}},"_links":{"self":[{"href":"https:\/\/www.amunt41.com\/es\/wp-json\/wp\/v2\/pages\/23","targetHints":{"allow":["GET"]}}],"collection":[{"href":"https:\/\/www.amunt41.com\/es\/wp-json\/wp\/v2\/pages"}],"about":[{"href":"https:\/\/www.amunt41.com\/es\/wp-json\/wp\/v2\/types\/page"}],"author":[{"embeddable":true,"href":"https:\/\/www.amunt41.com\/es\/wp-json\/wp\/v2\/users\/1"}],"replies":[{"embeddable":true,"href":"https:\/\/www.amunt41.com\/es\/wp-json\/wp\/v2\/comments?post=23"}],"version-history":[{"count":14,"href":"https:\/\/www.amunt41.com\/es\/wp-json\/wp\/v2\/pages\/23\/revisions"}],"predecessor-version":[{"id":627,"href":"https:\/\/www.amunt41.com\/es\/wp-json\/wp\/v2\/pages\/23\/revisions\/627"}],"wp:attachment":[{"href":"https:\/\/www.amunt41.com\/es\/wp-json\/wp\/v2\/media?parent=23"}],"curies":[{"name":"wp","href":"https:\/\/api.w.org\/{rel}","templated":true}]}}