{"id":21,"date":"2022-05-31T10:33:35","date_gmt":"2022-05-31T08:33:35","guid":{"rendered":"http:\/\/www.amunt41.com\/?page_id=21"},"modified":"2022-08-31T13:58:23","modified_gmt":"2022-08-31T11:58:23","slug":"qui-som","status":"publish","type":"page","link":"https:\/\/www.amunt41.com\/es\/qui-som\/","title":{"rendered":"qui\u00e9nes somos"},"content":{"rendered":"<div data-elementor-type=\"wp-page\" data-elementor-id=\"21\" class=\"elementor elementor-21\" data-elementor-post-type=\"page\">\n\t\t\t\t\t\t<section class=\"elementor-section elementor-top-section elementor-element elementor-element-e73d043 elementor-section-boxed elementor-section-height-default elementor-section-height-default\" data-id=\"e73d043\" data-element_type=\"section\" data-settings=\"{&quot;background_background&quot;:&quot;classic&quot;,&quot;jet_parallax_layout_list&quot;:[]}\">\n\t\t\t\t\t\t<div class=\"elementor-container elementor-column-gap-default\">\n\t\t\t\t\t<div class=\"elementor-column elementor-col-100 elementor-top-column elementor-element elementor-element-ef78fca\" data-id=\"ef78fca\" data-element_type=\"column\">\n\t\t\t<div class=\"elementor-widget-wrap elementor-element-populated\">\n\t\t\t\t\t\t<div class=\"elementor-element elementor-element-255f9a4 elementor-widget elementor-widget-spacer\" data-id=\"255f9a4\" data-element_type=\"widget\" data-widget_type=\"spacer.default\">\n\t\t\t\t<div class=\"elementor-widget-container\">\n\t\t\t\t\t\t\t<div class=\"elementor-spacer\">\n\t\t\t<div class=\"elementor-spacer-inner\"><\/div>\n\t\t<\/div>\n\t\t\t\t\t\t<\/div>\n\t\t\t\t<\/div>\n\t\t\t\t\t<\/div>\n\t\t<\/div>\n\t\t\t\t\t<\/div>\n\t\t<\/section>\n\t\t\t\t<section class=\"elementor-section elementor-top-section elementor-element elementor-element-013c7d2 elementor-section-full_width elementor-section-height-default elementor-section-height-default elementor-invisible\" data-id=\"013c7d2\" data-element_type=\"section\" data-settings=\"{&quot;animation&quot;:&quot;fadeIn&quot;,&quot;jet_parallax_layout_list&quot;:[]}\">\n\t\t\t\t\t\t<div class=\"elementor-container elementor-column-gap-default\">\n\t\t\t\t\t<div class=\"elementor-column elementor-col-25 elementor-top-column elementor-element elementor-element-50e7d37\" data-id=\"50e7d37\" data-element_type=\"column\">\n\t\t\t<div class=\"elementor-widget-wrap elementor-element-populated\">\n\t\t\t\t\t\t<div class=\"elementor-element elementor-element-660a675 elementor-invisible elementor-widget elementor-widget-image\" data-id=\"660a675\" data-element_type=\"widget\" data-settings=\"{&quot;_animation&quot;:&quot;slideInUp&quot;}\" data-widget_type=\"image.default\">\n\t\t\t\t<div class=\"elementor-widget-container\">\n\t\t\t\t\t\t\t\t\t\t\t\t\t\t\t<img decoding=\"async\" width=\"1\" height=\"1\" src=\"https:\/\/www.amunt41.com\/wp-content\/uploads\/2022\/05\/vectors-06.svg\" class=\"attachment-large size-large wp-image-66\" alt=\"ARQUITECTURA T\u00c8CNICA\" \/>\t\t\t\t\t\t\t\t\t\t\t\t\t\t\t<\/div>\n\t\t\t\t<\/div>\n\t\t\t\t\t<\/div>\n\t\t<\/div>\n\t\t\t\t<div class=\"elementor-column elementor-col-25 elementor-top-column elementor-element elementor-element-dce0860\" data-id=\"dce0860\" data-element_type=\"column\">\n\t\t\t<div class=\"elementor-widget-wrap elementor-element-populated\">\n\t\t\t\t\t\t<div class=\"elementor-element elementor-element-210a199 elementor-widget elementor-widget-heading\" data-id=\"210a199\" data-element_type=\"widget\" data-widget_type=\"heading.default\">\n\t\t\t\t<div class=\"elementor-widget-container\">\n\t\t\t\t\t<h2 class=\"elementor-heading-title elementor-size-default\">SOBRE NOSOTROS<\/h2>\t\t\t\t<\/div>\n\t\t\t\t<\/div>\n\t\t\t\t<div class=\"elementor-element elementor-element-06c3ec2 elementor-widget elementor-widget-text-editor\" data-id=\"06c3ec2\" data-element_type=\"widget\" data-widget_type=\"text-editor.default\">\n\t\t\t\t<div class=\"elementor-widget-container\">\n\t\t\t\t\t\t\t\t\t<p><strong>Amunt41 t\u00e8cnics, s.l.p.<\/strong> somos una empresa creada por Jaume Fit\u00f3 (Arquitecto y Arquitecto t\u00e9cnico) y Marc Peris (Arquitecto t\u00e9cnico e Ingeniero de Edificaci\u00f3n) ante la necesidad de muchos de nuestros clientes de dar a sus proyectos y direcciones de ejecuci\u00f3n de obra un plus de calidad, un control m\u00e1s <strong>exhaustivo<\/strong> de los costes de construcci\u00f3n y menor repercusi\u00f3n en la fase de postventa. Por eso nos especializamos en la participaci\u00f3n en todo el proceso inmobiliario, acompa\u00f1ando a nuestros clientes hasta la entrega al cliente y ofrecemos servicios ofrece un amplio abanico de trabajos, colaborando desde el primer momento con el Promotor, hasta el final, interviniendo en todas las fases de la obra.<\/p><p>Somos un equipo multidisciplinar, formado por Arquitectos, Arquitectos t\u00e9cnicos e ingenieros para adaptarnos a cada circunstancia, con capacidad para <strong>afrontar<\/strong> un volumen importante de trabajo adapt\u00e1ndonos a las necesidades del Cliente. Todo esto hace que nuestra propuesta sea hoy en d\u00eda muy <strong>atractiva y competitiva<\/strong>.<\/p><p>Apostamos por el trabajo colaborativo, <strong>cercano<\/strong>, abierto, integrador y <strong>con una gran visi\u00f3n de equipo<\/strong>, trabajando para un objetivo com\u00fan. Gracias a este enfoque y experiencia adquirida en diferentes proyectos y obras singulares; <b>AMUNT41 T\u00c8CNICS<\/b> desarrolla una metodolog\u00eda de trabajo guiada por procedimientos y est\u00e1ndares para garantizar el coste, plazo, calidad y la m\u00e1xima seguridad <strong>en todos los Proyectos<\/strong>.<\/p><p>En definitiva, los servicios se orientan a una mejora continua gracias a la implantaci\u00f3n de una metodolog\u00eda de trabajo definida, y se caracterizan por dos factores diferenciales muy valorados por sus clientes: proximidad y adaptaci\u00f3n a sus necesidades.<\/p>\t\t\t\t\t\t\t\t<\/div>\n\t\t\t\t<\/div>\n\t\t\t\t\t<\/div>\n\t\t<\/div>\n\t\t\t\t<div class=\"elementor-column elementor-col-25 elementor-top-column elementor-element elementor-element-4ca8dc6\" data-id=\"4ca8dc6\" data-element_type=\"column\">\n\t\t\t<div class=\"elementor-widget-wrap elementor-element-populated\">\n\t\t\t\t\t\t<div class=\"elementor-element elementor-element-1078895 elementor-hidden-mobile elementor-widget elementor-widget-image\" data-id=\"1078895\" data-element_type=\"widget\" data-widget_type=\"image.default\">\n\t\t\t\t<div class=\"elementor-widget-container\">\n\t\t\t\t\t\t\t\t\t\t\t\t\t\t\t<img decoding=\"async\" width=\"1\" height=\"1\" src=\"https:\/\/www.amunt41.com\/wp-content\/uploads\/2022\/05\/vectors-05.svg\" class=\"attachment-large size-large wp-image-67\" alt=\"\" \/>\t\t\t\t\t\t\t\t\t\t\t\t\t\t\t<\/div>\n\t\t\t\t<\/div>\n\t\t\t\t\t<\/div>\n\t\t<\/div>\n\t\t\t\t<div class=\"elementor-column elementor-col-25 elementor-top-column elementor-element elementor-element-b88c484\" data-id=\"b88c484\" data-element_type=\"column\">\n\t\t\t<div class=\"elementor-widget-wrap elementor-element-populated\">\n\t\t\t\t\t\t<div class=\"elementor-element elementor-element-51a3663 elementor-arrows-position-inside elementor-pagination-position-outside elementor-widget elementor-widget-image-carousel\" data-id=\"51a3663\" data-element_type=\"widget\" data-settings=\"{&quot;slides_to_show&quot;:&quot;1&quot;,&quot;slides_to_show_tablet&quot;:&quot;1&quot;,&quot;slides_to_show_mobile&quot;:&quot;1&quot;,&quot;navigation&quot;:&quot;both&quot;,&quot;autoplay&quot;:&quot;yes&quot;,&quot;pause_on_hover&quot;:&quot;yes&quot;,&quot;pause_on_interaction&quot;:&quot;yes&quot;,&quot;autoplay_speed&quot;:5000,&quot;infinite&quot;:&quot;yes&quot;,&quot;effect&quot;:&quot;slide&quot;,&quot;speed&quot;:500}\" data-widget_type=\"image-carousel.default\">\n\t\t\t\t<div class=\"elementor-widget-container\">\n\t\t\t\t\t\t\t<div class=\"elementor-image-carousel-wrapper swiper\" role=\"region\" aria-roledescription=\"carousel\" aria-label=\"Carrusel de im\u00e1genes\" dir=\"ltr\" data-no-translation-aria-label=\"\">\n\t\t\t<div class=\"elementor-image-carousel swiper-wrapper swiper-image-stretch\" aria-live=\"off\">\n\t\t\t\t\t\t\t\t<div class=\"swiper-slide\" role=\"group\" aria-roledescription=\"slide\" aria-label=\"1 de 3\" data-no-translation-aria-label=\"\"><figure class=\"swiper-slide-inner\"><img decoding=\"async\" class=\"swiper-slide-image\" src=\"https:\/\/www.amunt41.com\/wp-content\/uploads\/2022\/05\/foto-ca-2.jpg\" alt=\"foto-ca-2\" \/><\/figure><\/div><div class=\"swiper-slide\" role=\"group\" aria-roledescription=\"slide\" aria-label=\"2 de 3\" data-no-translation-aria-label=\"\"><figure class=\"swiper-slide-inner\"><img decoding=\"async\" class=\"swiper-slide-image\" src=\"https:\/\/www.amunt41.com\/wp-content\/uploads\/2022\/05\/foto-ca-3.jpg\" alt=\"foto-ca-3\" \/><\/figure><\/div><div class=\"swiper-slide\" role=\"group\" aria-roledescription=\"slide\" aria-label=\"3 de 3\" data-no-translation-aria-label=\"\"><figure class=\"swiper-slide-inner\"><img decoding=\"async\" class=\"swiper-slide-image\" src=\"https:\/\/www.amunt41.com\/wp-content\/uploads\/2022\/05\/foto-ca.jpg\" alt=\"foto-ca\" \/><\/figure><\/div>\t\t\t<\/div>\n\t\t\t\t\t\t\t\t\t\t\t\t<div class=\"elementor-swiper-button elementor-swiper-button-prev\" role=\"button\" tabindex=\"0\">\n\t\t\t\t\t\t<i aria-hidden=\"true\" class=\"eicon-chevron-left\"><\/i>\t\t\t\t\t<\/div>\n\t\t\t\t\t<div class=\"elementor-swiper-button elementor-swiper-button-next\" role=\"button\" tabindex=\"0\">\n\t\t\t\t\t\t<i aria-hidden=\"true\" class=\"eicon-chevron-right\"><\/i>\t\t\t\t\t<\/div>\n\t\t\t\t\n\t\t\t\t\t\t\t\t\t<div class=\"swiper-pagination\"><\/div>\n\t\t\t\t\t\t\t\t\t<\/div>\n\t\t\t\t\t\t<\/div>\n\t\t\t\t<\/div>\n\t\t\t\t<div class=\"elementor-element elementor-element-bf03775 elementor-invisible elementor-widget elementor-widget-image\" data-id=\"bf03775\" data-element_type=\"widget\" data-settings=\"{&quot;_animation&quot;:&quot;slideInUp&quot;}\" data-widget_type=\"image.default\">\n\t\t\t\t<div class=\"elementor-widget-container\">\n\t\t\t\t\t\t\t\t\t\t\t\t\t\t\t<img decoding=\"async\" width=\"1\" height=\"1\" src=\"https:\/\/www.amunt41.com\/wp-content\/uploads\/2022\/05\/41-10.svg\" class=\"attachment-large size-large wp-image-92\" alt=\"AMUNT 41\" \/>\t\t\t\t\t\t\t\t\t\t\t\t\t\t\t<\/div>\n\t\t\t\t<\/div>\n\t\t\t\t\t<\/div>\n\t\t<\/div>\n\t\t\t\t\t<\/div>\n\t\t<\/section>\n\t\t\t\t<\/div>","protected":false},"excerpt":{"rendered":"<p>SOBRE NOSALTRES Amunt41 t\u00e8cnics, s.l.p. som una empresa creada per Jaume Fit\u00f3 (Arquitecte i Arquitecte t\u00e8cnic) i Marc Peris (Arquitecte t\u00e8cnic i Enginyer d\u2019edificaci\u00f3) davant la necessitat de molts dels nostres clients de donar als seus projectes i a les direccions d&#8217;execuci\u00f3 d&#8217;obra un plus de qualitat, un control m\u00e9s exhaustiu dels costos de construcci\u00f3 [&hellip;]<\/p>","protected":false},"author":1,"featured_media":0,"parent":0,"menu_order":0,"comment_status":"closed","ping_status":"closed","template":"","meta":{"footnotes":""},"class_list":["post-21","page","type-page","status-publish","hentry"],"yoast_head":"<!-- This site is optimized with the Yoast SEO plugin v26.0 - https:\/\/yoast.com\/wordpress\/plugins\/seo\/ -->\n<title>Amunt41, Qui som - Amunt 41, serveis en arquitectura t\u00e8cnica<\/title>\n<meta name=\"description\" content=\"Amunt41 som un equip multidisciplinar d&#039;Arquitectes, Arquitectes t\u00e8cnics i enginyers ens adaptem a les necessitats del client.\" \/>\n<meta name=\"robots\" content=\"index, follow, max-snippet:-1, max-image-preview:large, max-video-preview:-1\" \/>\n<link rel=\"canonical\" href=\"https:\/\/www.amunt41.com\/es\/qui-som\/\" \/>\n<meta property=\"og:locale\" content=\"es_ES\" \/>\n<meta property=\"og:type\" content=\"article\" \/>\n<meta property=\"og:title\" content=\"Amunt41, Qui som - Amunt 41, serveis en arquitectura t\u00e8cnica\" \/>\n<meta property=\"og:description\" content=\"Amunt41 som un equip multidisciplinar d&#039;Arquitectes, Arquitectes t\u00e8cnics i enginyers ens adaptem a les necessitats del client.\" \/>\n<meta property=\"og:url\" content=\"https:\/\/www.amunt41.com\/es\/qui-som\/\" \/>\n<meta property=\"og:site_name\" content=\"Amunt 41\" \/>\n<meta property=\"article:modified_time\" content=\"2022-08-31T11:58:23+00:00\" \/>\n<meta property=\"og:image\" content=\"http:\/\/www.amunt41.com\/wp-content\/uploads\/2022\/05\/vectors-06.svg\" \/>\n<meta name=\"twitter:card\" content=\"summary_large_image\" \/>\n<meta name=\"twitter:label1\" content=\"Tiempo de lectura\" \/>\n\t<meta name=\"twitter:data1\" content=\"3 minutos\" \/>\n<script type=\"application\/ld+json\" class=\"yoast-schema-graph\">{\"@context\":\"https:\/\/schema.org\",\"@graph\":[{\"@type\":\"WebPage\",\"@id\":\"https:\/\/www.amunt41.com\/es\/qui-som\/\",\"url\":\"https:\/\/www.amunt41.com\/es\/qui-som\/\",\"name\":\"Amunt41, Qui som - Amunt 41, serveis en arquitectura t\u00e8cnica\",\"isPartOf\":{\"@id\":\"https:\/\/www.amunt41.com\/es\/#website\"},\"primaryImageOfPage\":{\"@id\":\"https:\/\/www.amunt41.com\/es\/qui-som\/#primaryimage\"},\"image\":{\"@id\":\"https:\/\/www.amunt41.com\/es\/qui-som\/#primaryimage\"},\"thumbnailUrl\":\"http:\/\/www.amunt41.com\/wp-content\/uploads\/2022\/05\/vectors-06.svg\",\"datePublished\":\"2022-05-31T08:33:35+00:00\",\"dateModified\":\"2022-08-31T11:58:23+00:00\",\"description\":\"Amunt41 som un equip multidisciplinar d'Arquitectes, Arquitectes t\u00e8cnics i enginyers ens adaptem a les necessitats del client.\",\"breadcrumb\":{\"@id\":\"https:\/\/www.amunt41.com\/es\/qui-som\/#breadcrumb\"},\"inLanguage\":\"es\",\"potentialAction\":[{\"@type\":\"ReadAction\",\"target\":[\"https:\/\/www.amunt41.com\/es\/qui-som\/\"]}]},{\"@type\":\"ImageObject\",\"inLanguage\":\"es\",\"@id\":\"https:\/\/www.amunt41.com\/es\/qui-som\/#primaryimage\",\"url\":\"http:\/\/www.amunt41.com\/wp-content\/uploads\/2022\/05\/vectors-06.svg\",\"contentUrl\":\"http:\/\/www.amunt41.com\/wp-content\/uploads\/2022\/05\/vectors-06.svg\"},{\"@type\":\"BreadcrumbList\",\"@id\":\"https:\/\/www.amunt41.com\/es\/qui-som\/#breadcrumb\",\"itemListElement\":[{\"@type\":\"ListItem\",\"position\":1,\"name\":\"Inici\",\"item\":\"https:\/\/www.amunt41.com\/es\/\"},{\"@type\":\"ListItem\",\"position\":2,\"name\":\"Qui som\"}]},{\"@type\":\"WebSite\",\"@id\":\"https:\/\/www.amunt41.com\/es\/#website\",\"url\":\"https:\/\/www.amunt41.com\/es\/\",\"name\":\"Amunt 41\",\"description\":\"Serveis integrals en arquitectura t\u00e8cnica\",\"publisher\":{\"@id\":\"https:\/\/www.amunt41.com\/es\/#organization\"},\"potentialAction\":[{\"@type\":\"SearchAction\",\"target\":{\"@type\":\"EntryPoint\",\"urlTemplate\":\"https:\/\/www.amunt41.com\/es\/?s={search_term_string}\"},\"query-input\":{\"@type\":\"PropertyValueSpecification\",\"valueRequired\":true,\"valueName\":\"search_term_string\"}}],\"inLanguage\":\"es\"},{\"@type\":\"Organization\",\"@id\":\"https:\/\/www.amunt41.com\/es\/#organization\",\"name\":\"Amunt 41 \u00b7 Serveis integrals en arquitectura t\u00e8cnica\",\"url\":\"https:\/\/www.amunt41.com\/es\/\",\"logo\":{\"@type\":\"ImageObject\",\"inLanguage\":\"es\",\"@id\":\"https:\/\/www.amunt41.com\/es\/#\/schema\/logo\/image\/\",\"url\":\"https:\/\/www.amunt41.com\/wp-content\/uploads\/2022\/05\/logo-02.svg\",\"contentUrl\":\"https:\/\/www.amunt41.com\/wp-content\/uploads\/2022\/05\/logo-02.svg\",\"caption\":\"Amunt 41 \u00b7 Serveis integrals en arquitectura t\u00e8cnica\"},\"image\":{\"@id\":\"https:\/\/www.amunt41.com\/es\/#\/schema\/logo\/image\/\"},\"sameAs\":[\"https:\/\/es.linkedin.com\/company\/amunt41-tcnics-s-l-p\"]}]}<\/script>\n<!-- \/ Yoast SEO plugin. -->","yoast_head_json":{"title":"Amunt41, Qui som - Amunt 41, serveis en arquitectura t\u00e8cnica","description":"Amunt41 som un equip multidisciplinar d'Arquitectes, Arquitectes t\u00e8cnics i enginyers ens adaptem a les necessitats del client.","robots":{"index":"index","follow":"follow","max-snippet":"max-snippet:-1","max-image-preview":"max-image-preview:large","max-video-preview":"max-video-preview:-1"},"canonical":"https:\/\/www.amunt41.com\/es\/qui-som\/","og_locale":"es_ES","og_type":"article","og_title":"Amunt41, Qui som - Amunt 41, serveis en arquitectura t\u00e8cnica","og_description":"Amunt41 som un equip multidisciplinar d'Arquitectes, Arquitectes t\u00e8cnics i enginyers ens adaptem a les necessitats del client.","og_url":"https:\/\/www.amunt41.com\/es\/qui-som\/","og_site_name":"Amunt 41","article_modified_time":"2022-08-31T11:58:23+00:00","og_image":[{"url":"http:\/\/www.amunt41.com\/wp-content\/uploads\/2022\/05\/vectors-06.svg","type":"","width":"","height":""}],"twitter_card":"summary_large_image","twitter_misc":{"Tiempo de lectura":"3 minutos"},"schema":{"@context":"https:\/\/schema.org","@graph":[{"@type":"WebPage","@id":"https:\/\/www.amunt41.com\/es\/qui-som\/","url":"https:\/\/www.amunt41.com\/es\/qui-som\/","name":"Amunt41, Qui som - Amunt 41, serveis en arquitectura t\u00e8cnica","isPartOf":{"@id":"https:\/\/www.amunt41.com\/es\/#website"},"primaryImageOfPage":{"@id":"https:\/\/www.amunt41.com\/es\/qui-som\/#primaryimage"},"image":{"@id":"https:\/\/www.amunt41.com\/es\/qui-som\/#primaryimage"},"thumbnailUrl":"http:\/\/www.amunt41.com\/wp-content\/uploads\/2022\/05\/vectors-06.svg","datePublished":"2022-05-31T08:33:35+00:00","dateModified":"2022-08-31T11:58:23+00:00","description":"Amunt41 som un equip multidisciplinar d'Arquitectes, Arquitectes t\u00e8cnics i enginyers ens adaptem a les necessitats del client.","breadcrumb":{"@id":"https:\/\/www.amunt41.com\/es\/qui-som\/#breadcrumb"},"inLanguage":"es","potentialAction":[{"@type":"ReadAction","target":["https:\/\/www.amunt41.com\/es\/qui-som\/"]}]},{"@type":"ImageObject","inLanguage":"es","@id":"https:\/\/www.amunt41.com\/es\/qui-som\/#primaryimage","url":"http:\/\/www.amunt41.com\/wp-content\/uploads\/2022\/05\/vectors-06.svg","contentUrl":"http:\/\/www.amunt41.com\/wp-content\/uploads\/2022\/05\/vectors-06.svg"},{"@type":"BreadcrumbList","@id":"https:\/\/www.amunt41.com\/es\/qui-som\/#breadcrumb","itemListElement":[{"@type":"ListItem","position":1,"name":"Inici","item":"https:\/\/www.amunt41.com\/es\/"},{"@type":"ListItem","position":2,"name":"Qui som"}]},{"@type":"WebSite","@id":"https:\/\/www.amunt41.com\/es\/#website","url":"https:\/\/www.amunt41.com\/es\/","name":"Amunt 41","description":"Serveis integrals en arquitectura t\u00e8cnica","publisher":{"@id":"https:\/\/www.amunt41.com\/es\/#organization"},"potentialAction":[{"@type":"SearchAction","target":{"@type":"EntryPoint","urlTemplate":"https:\/\/www.amunt41.com\/es\/?s={search_term_string}"},"query-input":{"@type":"PropertyValueSpecification","valueRequired":true,"valueName":"search_term_string"}}],"inLanguage":"es"},{"@type":"Organization","@id":"https:\/\/www.amunt41.com\/es\/#organization","name":"Amunt 41 \u00b7 Serveis integrals en arquitectura t\u00e8cnica","url":"https:\/\/www.amunt41.com\/es\/","logo":{"@type":"ImageObject","inLanguage":"es","@id":"https:\/\/www.amunt41.com\/es\/#\/schema\/logo\/image\/","url":"https:\/\/www.amunt41.com\/wp-content\/uploads\/2022\/05\/logo-02.svg","contentUrl":"https:\/\/www.amunt41.com\/wp-content\/uploads\/2022\/05\/logo-02.svg","caption":"Amunt 41 \u00b7 Serveis integrals en arquitectura t\u00e8cnica"},"image":{"@id":"https:\/\/www.amunt41.com\/es\/#\/schema\/logo\/image\/"},"sameAs":["https:\/\/es.linkedin.com\/company\/amunt41-tcnics-s-l-p"]}]}},"_links":{"self":[{"href":"https:\/\/www.amunt41.com\/es\/wp-json\/wp\/v2\/pages\/21","targetHints":{"allow":["GET"]}}],"collection":[{"href":"https:\/\/www.amunt41.com\/es\/wp-json\/wp\/v2\/pages"}],"about":[{"href":"https:\/\/www.amunt41.com\/es\/wp-json\/wp\/v2\/types\/page"}],"author":[{"embeddable":true,"href":"https:\/\/www.amunt41.com\/es\/wp-json\/wp\/v2\/users\/1"}],"replies":[{"embeddable":true,"href":"https:\/\/www.amunt41.com\/es\/wp-json\/wp\/v2\/comments?post=21"}],"version-history":[{"count":29,"href":"https:\/\/www.amunt41.com\/es\/wp-json\/wp\/v2\/pages\/21\/revisions"}],"predecessor-version":[{"id":709,"href":"https:\/\/www.amunt41.com\/es\/wp-json\/wp\/v2\/pages\/21\/revisions\/709"}],"wp:attachment":[{"href":"https:\/\/www.amunt41.com\/es\/wp-json\/wp\/v2\/media?parent=21"}],"curies":[{"name":"wp","href":"https:\/\/api.w.org\/{rel}","templated":true}]}}